{"id":14,"date":"2021-09-04T13:53:38","date_gmt":"2021-09-04T13:53:38","guid":{"rendered":"https:\/\/www.beautytemple.de\/shop\/widerrufsbelehrung\/"},"modified":"2022-08-21T08:22:42","modified_gmt":"2022-08-21T08:22:42","slug":"widerrufsbelehrung","status":"publish","type":"page","link":"https:\/\/www.beautytemple.de\/shop\/widerrufsbelehrung\/","title":{"rendered":"Widerrufsbelehrung"},"content":{"rendered":"\r\n<p><strong>Widerrufsrecht<\/strong><\/p>\r\n\r\n\r\n\r\n<p>Wir machen von der M\u00f6glichkeit Gebrauch, Ihnen wie folgt die Kosten einer R\u00fccksendung aufzuerlegen: Sie haben die regelm\u00e4\u00dfigen Kosten der R\u00fccksendung im Rahmen des gesetzlichen Widerrufsrechts zu tragen, wenn die gelieferte Ware der bestellten entspricht oder wenn er bei einem h\u00f6heren Preis der Sache zum Zeitpunkt des Widerrufs noch nicht die Gegenleistung oder eine vertraglich vereinbarte Teilzahlung erbracht hat.<\/p>\r\n\r\n\r\n\r\n<p><strong>Ausnahmen vom Widerrufsrecht<\/strong><\/p>\r\n\r\n\r\n\r\n<p>Es existieren gesetzliche Ausnahmen vom Widerrufsrecht (\u00a7 312d Abs. 4 BGB), wobei wir uns vorbehalten, uns Ihnen gegen\u00fcber auf folgende Regelungen zu berufen: Ein Widerrufsrecht besteht nicht bei Fernabsatzvertr\u00e4gen zur Lieferung von Waren, die nach Kundenspezifikation angefertigt werden oder eindeutig auf die pers\u00f6nlichen Bed\u00fcrfnisse zugeschnitten sind und auch nicht zur Lieferung von Audio- oder Videoaufzeichnungen oder von Software, sofern die gelieferten Datentr\u00e4ger vom Verbraucher entsiegelt worden sind. Gleiches gilt f\u00fcr Waren, die auf Grund ihrer Beschaffenheit nicht f\u00fcr eine R\u00fccksendung geeignet sind oder schnell verderben k\u00f6nnen oder deren Verfalldatum \u00fcberschritten w\u00fcrde.<\/p>\r\n\r\n\r\n\r\n<p>Nachstehend erhalten Sie die Belehrung \u00fcber die Voraussetzungen und Folgen des gesetzlichen Widerrufsrechts f\u00fcr Verbraucher.<\/p>\r\n\r\n\r\n\r\n<p><strong>Widerrufsbelehrung<\/strong><\/p>\r\n\r\n\r\n\r\n<p>Widerrufsrecht<\/p>\r\n\r\n\r\n\r\n<p>Sie k\u00f6nnen Ihre Vertragserkl\u00e4rung innerhalb von 14 Tagen ohne Angabe von Gr\u00fcnden in Textform (z. B. Brief, Fax, E-Mail) oder &#8211; wenn Ihnen die Sache vor Fristablauf \u00fcberlassen wird &#8211; durch R\u00fccksendung der Sache widerrufen. Die Frist beginnt nach Erhalt dieser Belehrung in Textform, jedoch nicht vor Eingang der Ware beim Empf\u00e4nger (bei der wiederkehrenden Lieferung gleichartiger Waren nicht vor dem Eingang der ersten Teillieferung) und auch nicht vor Erf\u00fcllung unserer Informationspflichten gem\u00e4\u00df Artikel 246 \u00a7 2 in Verbindung mit \u00a7 1 Abs. 1 und 2 EGBGB sowie unserer Pflichten gem\u00e4\u00df \u00a7 312e Abs. 1 Satz 1 BGB in Verbindung mit Artikel 246 \u00a7 3 EGBGB. Zur Wahrung der Widerrufsfrist gen\u00fcgt die rechtzeitige Absendung des Widerrufs oder der Sache. Der Widerruf ist zu richten an:<\/p>\r\n\r\n\r\n\r\n<p><strong>Beautytemple<br \/><\/strong>Tanja Brill<br \/>Hochburger Str. 5<br \/>79312 Emmendingen<br \/>Telefon: +49(0)1525 \/ 31 68 504<br \/>E-Mail:\u00a0<a href=\"mailto:coaching@beautytemple.de\">coaching@beautytemple.de<\/a><\/p>\r\n\r\n\r\n\r\n<p><strong>Widerrufsfolgen<\/strong><\/p>\r\n\r\n\r\n\r\n<p>Im Falle eines wirksamen Widerrufs sind die beiderseits empfangenen Leistungen zur\u00fcckzugew\u00e4hren und ggf. gezogene Nutzungen (z. B. Zinsen) herauszugeben. K\u00f6nnen Sie uns die empfangene Leistung ganz oder teilweise nicht oder nur in verschlechtertem Zustand zur\u00fcckgew\u00e4hren, m\u00fcssen Sie uns insoweit ggf. Wertersatz leisten. Bei der \u00dcberlassung von Sachen gilt dies nicht, wenn die Verschlechterung der Sache ausschlie\u00dflich auf deren Pr\u00fcfung &#8211; wie sie Ihnen etwa im Ladengesch\u00e4ft m\u00f6glich gewesen w\u00e4re &#8211; zur\u00fcckzuf\u00fchren ist. Im \u00dcbrigen k\u00f6nnen Sie die Pflicht zum Wertersatz f\u00fcr eine durch die bestimmungsgem\u00e4\u00dfe Ingebrauchnahme der Sache entstandene Verschlechterung vermeiden, indem Sie die Sache nicht wie Ihr Eigentum in Gebrauch nehmen und alles unterlassen, was deren Wert beeintr\u00e4chtigt. Paketversandf\u00e4hige Sachen sind auf unsere Gefahr zur\u00fcckzusenden. Sie haben die Kosten der R\u00fccksendung zu tragen, wenn die gelieferte Ware der bestellten entspricht oder wenn Sie bei einem h\u00f6heren Preis der Sache zum Zeitpunkt des Widerrufs noch nicht die Gegenleistung oder eine vertraglich vereinbarte Teilzahlung erbracht haben. Anderenfalls ist die R\u00fccksendung f\u00fcr Sie kostenfrei. Nicht paketversandf\u00e4hige Sachen werden bei Ihnen abgeholt. Verpflichtungen zur Erstattung von Zahlungen m\u00fcssen innerhalb von 30 Tagen erf\u00fcllt werden. Die Frist beginnt f\u00fcr Sie mit der Absendung Ihrer Widerrufserkl\u00e4rung oder der Sache, f\u00fcr uns mit deren Empfang.<\/p>\r\n\r\n\r\n\r\n<p><strong>Ende der Widerrufsbelehrung<\/strong><\/p>\r\n","protected":false},"excerpt":{"rendered":"<p>Widerrufsrecht Wir machen von der M\u00f6glichkeit Gebrauch, Ihnen wie folgt die Kosten einer R\u00fccksendung aufzuerlegen: Sie haben die regelm\u00e4\u00dfigen Kosten der R\u00fccksendung im Rahmen des gesetzlichen Widerrufsrechts zu tragen, wenn die gelieferte Ware der bestellten entspricht oder wenn er bei einem h\u00f6heren Preis der Sache zum Zeitpunkt des Widerrufs noch nicht die Gegenleistung oder eine [&hellip;]<\/p>\n","protected":false},"author":1,"featured_media":0,"parent":0,"menu_order":0,"comment_status":"closed","ping_status":"closed","template":"","meta":{"_et_pb_use_builder":"","_et_pb_old_content":"","_et_gb_content_width":"","footnotes":""},"class_list":["post-14","page","type-page","status-publish","hentry"],"_links":{"self":[{"href":"https:\/\/www.beautytemple.de\/shop\/wp-json\/wp\/v2\/pages\/14","targetHints":{"allow":["GET"]}}],"collection":[{"href":"https:\/\/www.beautytemple.de\/shop\/wp-json\/wp\/v2\/pages"}],"about":[{"href":"https:\/\/www.beautytemple.de\/shop\/wp-json\/wp\/v2\/types\/page"}],"author":[{"embeddable":true,"href":"https:\/\/www.beautytemple.de\/shop\/wp-json\/wp\/v2\/users\/1"}],"replies":[{"embeddable":true,"href":"https:\/\/www.beautytemple.de\/shop\/wp-json\/wp\/v2\/comments?post=14"}],"version-history":[{"count":2,"href":"https:\/\/www.beautytemple.de\/shop\/wp-json\/wp\/v2\/pages\/14\/revisions"}],"predecessor-version":[{"id":590,"href":"https:\/\/www.beautytemple.de\/shop\/wp-json\/wp\/v2\/pages\/14\/revisions\/590"}],"wp:attachment":[{"href":"https:\/\/www.beautytemple.de\/shop\/wp-json\/wp\/v2\/media?parent=14"}],"curies":[{"name":"wp","href":"https:\/\/api.w.org\/{rel}","templated":true}]}}