{"id":15,"date":"2021-09-04T13:53:38","date_gmt":"2021-09-04T13:53:38","guid":{"rendered":"https:\/\/www.beautytemple.de\/shop\/versandarten\/"},"modified":"2021-09-24T06:47:34","modified_gmt":"2021-09-24T06:47:34","slug":"versandarten","status":"publish","type":"page","link":"https:\/\/www.beautytemple.de\/shop\/en\/versandarten\/","title":{"rendered":"Versandkosten"},"content":{"rendered":"<p><strong>Liefer- und Versandkosten<\/strong><\/p>\n\n\n\n<p>Folgende Zahlungsm\u00f6glichkeit bieten wir derzeit Ihnen an:<\/p>\n\n\n\n<p><strong>per Vorkasse<br>Paypal<br><\/strong><\/p>\n\n\n\n<p>Die Versandkosten werden automatisch von unserem Shop errechnet, wenn Sie eine Bestellung t\u00e4tigen !<\/p>\n\n\n\n<p><strong>Versandgebiete:<\/strong><\/p>\n\n\n\n<p><strong>Deutschland<\/strong><\/p>\n\n\n\n<figure class=\"wp-block-image\"><img decoding=\"async\" src=\"https:\/\/www.pb-markt.com\/wp-content\/uploads\/2021\/03\/deutschland.jpg\" alt=\"\" class=\"wp-image-1561\"\/><\/figure>\n\n\n\n<p><strong>\u00d6sterreich<\/strong><\/p>\n\n\n\n<figure class=\"wp-block-image\"><img decoding=\"async\" src=\"https:\/\/www.pb-markt.com\/wp-content\/uploads\/2021\/03\/oesterreich.jpg\" alt=\"\" class=\"wp-image-1564\"\/><\/figure>\n\n\n\n<p><strong>Italien<\/strong><\/p>\n\n\n\n<figure class=\"wp-block-image\"><img decoding=\"async\" src=\"https:\/\/www.pb-markt.com\/wp-content\/uploads\/2021\/03\/italien.jpg\" alt=\"\" class=\"wp-image-1563\"\/><\/figure>\n\n\n\n<p><strong>Rest EU-L\u00e4nder<\/strong><\/p>\n\n\n\n<figure class=\"wp-block-image is-resized\"><img decoding=\"async\" src=\"https:\/\/www.pb-markt.com\/wp-content\/uploads\/2021\/03\/flaggeeu.jpg\" alt=\"\" class=\"wp-image-1562\" width=\"60\" height=\"40\"\/><\/figure>\n\n\n\n<p><strong>Schweiz<\/strong><\/p>\n\n\n\n<figure class=\"wp-block-image\"><img decoding=\"async\" src=\"https:\/\/www.pb-markt.com\/wp-content\/uploads\/2021\/03\/schweiz.jpg\" alt=\"\" class=\"wp-image-1560\"\/><\/figure>\n\n\n\n<p><strong>Grossbritannien<\/strong><\/p>\n\n\n\n<figure class=\"wp-block-image is-resized\"><img decoding=\"async\" src=\"https:\/\/www.pb-markt.com\/wp-content\/uploads\/2021\/03\/uk.png\" alt=\"\" class=\"wp-image-1566\" width=\"59\" height=\"39\"\/><\/figure>\n\n\n\n<p><strong>USA<\/strong><\/p>\n\n\n\n<figure class=\"wp-block-image is-resized\"><img decoding=\"async\" src=\"https:\/\/www.pb-markt.com\/wp-content\/uploads\/2021\/03\/USA.png\" alt=\"\" class=\"wp-image-1567\" width=\"58\" height=\"32\"\/><\/figure>\n\n\n\n<p><strong>Der Versand der Produkte erfolgt mit DHL<\/strong><\/p>\n\n\n\n<p>Sofern nicht ausdr\u00fccklich anders erw\u00e4hnt beziehen sich die Preise auf die jeweils abgebildeten Artikel, gem\u00e4\u00df Beschreibung, nicht jedoch auf Inhalt, Zubeh\u00f6r oder Dekoration.<\/p>","protected":false},"excerpt":{"rendered":"<p>Liefer- und Versandkosten Folgende Zahlungsm\u00f6glichkeit bieten wir derzeit Ihnen an: per VorkassePaypal Die Versandkosten werden automatisch von unserem Shop errechnet, wenn Sie eine Bestellung t\u00e4tigen ! Versandgebiete: Deutschland \u00d6sterreich Italien Rest EU-L\u00e4nder Schweiz Grossbritannien USA Der Versand der Produkte erfolgt mit DHL Sofern nicht ausdr\u00fccklich anders erw\u00e4hnt beziehen sich die Preise auf die jeweils abgebildeten [&hellip;]<\/p>","protected":false},"author":1,"featured_media":0,"parent":0,"menu_order":0,"comment_status":"closed","ping_status":"closed","template":"","meta":{"_et_pb_use_builder":"","_et_pb_old_content":"","_et_gb_content_width":"","footnotes":""},"class_list":["post-15","page","type-page","status-publish","hentry"],"_links":{"self":[{"href":"https:\/\/www.beautytemple.de\/shop\/en\/wp-json\/wp\/v2\/pages\/15","targetHints":{"allow":["GET"]}}],"collection":[{"href":"https:\/\/www.beautytemple.de\/shop\/en\/wp-json\/wp\/v2\/pages"}],"about":[{"href":"https:\/\/www.beautytemple.de\/shop\/en\/wp-json\/wp\/v2\/types\/page"}],"author":[{"embeddable":true,"href":"https:\/\/www.beautytemple.de\/shop\/en\/wp-json\/wp\/v2\/users\/1"}],"replies":[{"embeddable":true,"href":"https:\/\/www.beautytemple.de\/shop\/en\/wp-json\/wp\/v2\/comments?post=15"}],"version-history":[{"count":0,"href":"https:\/\/www.beautytemple.de\/shop\/en\/wp-json\/wp\/v2\/pages\/15\/revisions"}],"wp:attachment":[{"href":"https:\/\/www.beautytemple.de\/shop\/en\/wp-json\/wp\/v2\/media?parent=15"}],"curies":[{"name":"wp","href":"https:\/\/api.w.org\/{rel}","templated":true}]}}