{"id":13,"date":"2021-09-04T13:53:38","date_gmt":"2021-09-04T13:53:38","guid":{"rendered":"https:\/\/www.beautytemple.de\/shop\/agb\/"},"modified":"2021-09-22T21:05:52","modified_gmt":"2021-09-22T21:05:52","slug":"agb","status":"publish","type":"page","link":"https:\/\/www.beautytemple.de\/shop\/en\/agb\/","title":{"rendered":"AGB"},"content":{"rendered":"<p><strong>Allgemeine Gesch\u00e4ftsbedingungen (AGB)<\/strong><\/p>\n\n\n\n<p><strong>Inhaltsverzeichnis:<\/strong><\/p>\n\n\n\n<ol class=\"wp-block-list\"><li>Geltungsbereich<\/li><li>Vertragspartner<\/li><li>Zahlung<\/li><li>Eigentumsvorbehalt<\/li><li>Lieferung und Versand<\/li><li>Gew\u00e4hrleistung<\/li><li>Datenschutz<\/li><li>Anwendbares Recht<\/li><li>Schlussbestimmung<\/li><\/ol>\n\n\n\n<p><strong>1. Geltungsbereich<\/strong><\/p>\n\n\n\n<p>(1) Die Leistungen des Anbieters f\u00fcr den Online-Shop unter www.beautytemple.de<br>erfolgen ausschlie\u00dflich auf der Grundlage der nachfolgenden Allgemeinen Gesch\u00e4ftsbedingungen in der zum Zeitpunkt der Bestellung g\u00fcltigen Fassung.<\/p>\n\n\n\n<p>2) Unsere Allgemeinen Gesch\u00e4ftsbedingungen gelten ausschlie\u00dflich. Von unseren Allgemeinen Gesch\u00e4ftsbedingungen abweichende AGB des Bestellers haben keine G\u00fcltigkeit, es sei denn wir stimmen diesen ausdr\u00fccklich zu.<\/p>\n\n\n\n<p><strong>2. Vertragspartner<\/strong><\/p>\n\n\n\n<p>(1) Unsere Angebote im Internet stellen eine unverbindliche Aufforderung an den Kunden dar, Waren zu bestellen. Durch das Absenden der Bestellung auf unserer Website gibt der Kunde ein verbindliches Angebot auf Vertragsschluss ab.<\/p>\n\n\n\n<p>(2) Wir k\u00f6nnen dieses Angebot durch Zusendung einer Annahmebest\u00e4tigung per eMail oder durch Lieferung der Ware innerhalb der auf der Website benannten Lieferfrist annehmen, wobei sich bedingt durch Preis\u00e4nderungen des Herstellers bzw. Vorlieferanten \u00c4nderungen im Preis ergeben k\u00f6nnen. Diese werden dem Kunden jedoch kurzfristig mitgeteilt.<\/p>\n\n\n\n<p><strong>3. Zahlung<\/strong><\/p>\n\n\n\n<p>(1) Es gelten die zum Zeitpunkt der Bestellung auf unserer Website aufgef\u00fchrten Preise. Alle Preise gelten inklusive der gesetzlichen Mehrwertsteuer sowie zzgl. der Versandkosten.<\/p>\n\n\n\n<p>(2) Die Zahlung des Kaufpreises ist derzeit m\u00f6glich per PayPal, Vorauskasse, Sofort\u00fcberweisung<\/p>\n\n\n\n<p><strong>4. Eigentumsvorbehalt<\/strong><\/p>\n\n\n\n<p>(1) Wir behalten uns das Eigentum an der gelieferten Sache bis zur vollst\u00e4ndigen Zahlung des Kaufpreises vor.<\/p>\n\n\n\n<p><strong>5. Lieferung und Versand<\/strong><\/p>\n\n\n\n<p>(1) Der Versand der Ware erfolgt per versichertem Paket durch DHL.<\/p>\n\n\n\n<p>(2) Die Lieferung erfolgt in der Regel innerhalb 2-3 Werktagen ab Zahlungseingang (Lieferbarkeit der Ware vorausgesetzt, bitte Auftragsbest\u00e4tigung beachten). Der Beginn der von uns angegebene Lieferzeit setzt die rechtzeitige und ordnungsgem\u00e4\u00dfe Erf\u00fcllung der Verpflichtungen des Kunden voraus, insbesondere die korrekte Angabe der Lieferadresse im Rahmen der Bestellung.<\/p>\n\n\n\n<p>(3) Falls der Anbieter ohne eigenes Verschulden zur Lieferung der bestellten Ware nicht in der Lage ist, weil der Lieferant des Anbieters seine vertraglichen Verpflichtungen nicht erf\u00fcllt, wird der Kunde unverz\u00fcglich dar\u00fcber informiert, dass die bestellte Ware nicht zur Verf\u00fcgung steht. Bereits erbrachte Gegenleistungen des Vertragspartners werden unverz\u00fcglich erstattet. Die gesetzlichen Anspr\u00fcche des Kunden bleiben unber\u00fchrt.<\/p>\n\n\n\n<p><strong>6. Gew\u00e4hrleistung<\/strong><\/p>\n\n\n\n<p>(1) Ist der Besteller Verbraucher, hat dieser im Falle eines Mangels die Wahl, ob die Nacherf\u00fcllung durch Nachbesserung oder Ersatzlieferung erfolgen soll. Wir sind jedoch berechtigt, die vom Besteller gew\u00e4hlte Art der Nacherf\u00fcllung zu verweigern, wenn sie nur mit unverh\u00e4ltnism\u00e4\u00dfigen Kosten m\u00f6glich ist und die andere Art der Nacherf\u00fcllung ohne erhebliche Nachteile f\u00fcr den Kunden bleibt. Ist die Nacherf\u00fcllung fehlgeschlagen oder haben wir die Nacherf\u00fcllung insgesamt verweigert, kann der Besteller nach seiner Wahl Herabsetzung des Kaufpreises (Minderung) verlangen oder den R\u00fccktritt vom Vertrag erkl\u00e4ren. Eventuelle Schadensersatzanspr\u00fcche des Bestellers bleiben hiervon unber\u00fchrt.<\/p>\n\n\n\n<p>(2) Ist der K\u00e4ufer Unternehmer, sind offensichtliche M\u00e4ngel innerhalb einer Frist von zwei Wochen ab Empfang der Ware schriftlich anzeigen; andernfalls ist die Geltendmachung der gesetzlichen Gew\u00e4hrleistungsanspr\u00fcche ausgeschlossen. Zur Fristwahrung gen\u00fcgt die rechtzeitige Absendung. Den Unternehmer trifft die volle Beweislast f\u00fcr s\u00e4mtliche Anspruchsvoraussetzungen, insbesondere f\u00fcr den Mangel selbst, f\u00fcr den Zeitpunkt der Feststellung des Mangels und f\u00fcr die Rechtzeitigkeit der M\u00e4ngelr\u00fcge. Der Anbieter leistet f\u00fcr M\u00e4ngel der Ware zun\u00e4chst nach seiner Wahl Gew\u00e4hr durch Nachbesserung oder Ersatzlieferung.<\/p>\n\n\n\n<p><strong>7. Datenschutz<\/strong><\/p>\n\n\n\n<p>Wir behandeln Ihre personenbezogenen Daten vertraulich und entsprechend der gesetzlichen Datenschutzvorschriften. Eine Weitergabe Ihrer Daten ohne Ihre ausdr\u00fcckliche Einwilligung erfolgt nicht bzw. nur im Rahmen der notwendigen Abwicklung des Vertrages, etwa an die mit der Lieferung der Ware betrauten Unternehmen.<\/p>\n\n\n\n<p><strong>8. Anwendbares Recht<\/strong><\/p>\n\n\n\n<p>Anwendbar ist das Recht der Bundesrepublik Deutschland unter Ausschluss des UN-Kaufrechts, soweit diese Rechtswahl nicht dazu f\u00fchrt, dass ein Verbraucher hierdurch zwingenden verbrauchersch\u00fctzenden Normen entzogen wird.<\/p>\n\n\n\n<p><strong>9. Schlussbestimmung<\/strong><\/p>\n\n\n\n<p>Soweit eine Bestimmung dieses Vertrages ung\u00fcltig oder undurchsetzbar ist oder wird, bleiben die \u00fcbrigen Bestimmungen dieses Vertrages hiervon unber\u00fchrt.<\/p>","protected":false},"excerpt":{"rendered":"<p>Allgemeine Gesch\u00e4ftsbedingungen (AGB) Inhaltsverzeichnis: Geltungsbereich Vertragspartner Zahlung Eigentumsvorbehalt Lieferung und Versand Gew\u00e4hrleistung Datenschutz Anwendbares Recht Schlussbestimmung 1. Geltungsbereich (1) Die Leistungen des Anbieters f\u00fcr den Online-Shop unter www.beautytemple.deerfolgen ausschlie\u00dflich auf der Grundlage der nachfolgenden Allgemeinen Gesch\u00e4ftsbedingungen in der zum Zeitpunkt der Bestellung g\u00fcltigen Fassung. 2) Unsere Allgemeinen Gesch\u00e4ftsbedingungen gelten ausschlie\u00dflich. Von unseren Allgemeinen Gesch\u00e4ftsbedingungen abweichende [&hellip;]<\/p>","protected":false},"author":1,"featured_media":0,"parent":0,"menu_order":0,"comment_status":"closed","ping_status":"closed","template":"","meta":{"_et_pb_use_builder":"","_et_pb_old_content":"","_et_gb_content_width":"","footnotes":""},"class_list":["post-13","page","type-page","status-publish","hentry"],"_links":{"self":[{"href":"https:\/\/www.beautytemple.de\/shop\/en\/wp-json\/wp\/v2\/pages\/13","targetHints":{"allow":["GET"]}}],"collection":[{"href":"https:\/\/www.beautytemple.de\/shop\/en\/wp-json\/wp\/v2\/pages"}],"about":[{"href":"https:\/\/www.beautytemple.de\/shop\/en\/wp-json\/wp\/v2\/types\/page"}],"author":[{"embeddable":true,"href":"https:\/\/www.beautytemple.de\/shop\/en\/wp-json\/wp\/v2\/users\/1"}],"replies":[{"embeddable":true,"href":"https:\/\/www.beautytemple.de\/shop\/en\/wp-json\/wp\/v2\/comments?post=13"}],"version-history":[{"count":0,"href":"https:\/\/www.beautytemple.de\/shop\/en\/wp-json\/wp\/v2\/pages\/13\/revisions"}],"wp:attachment":[{"href":"https:\/\/www.beautytemple.de\/shop\/en\/wp-json\/wp\/v2\/media?parent=13"}],"curies":[{"name":"wp","href":"https:\/\/api.w.org\/{rel}","templated":true}]}}