{"id":12,"date":"2021-09-04T13:53:38","date_gmt":"2021-09-04T13:53:38","guid":{"rendered":"https:\/\/www.beautytemple.de\/shop\/impressum\/"},"modified":"2025-08-13T13:08:39","modified_gmt":"2025-08-13T13:08:39","slug":"impressum","status":"publish","type":"page","link":"https:\/\/www.beautytemple.de\/shop\/en\/impressum\/","title":{"rendered":"Impressum"},"content":{"rendered":"<p><span class=\"imprint-title\">Anschrift<\/span><br \/>\n<strong><span class=\"fw600\">Beautytemple<\/span><\/strong><br \/>\nTanja Brill<br \/>\nHochburger Str. 5<br \/>\n79312 Emmendingen<br \/>\nDeutschland<\/p>\n<p><strong><span class=\"imprint-title\">Kontakt<\/span><\/strong><br \/>\nTelefon: +49(0)1525 \/ 31 68 504<br \/>\nE-Mail:\u00a0<a href=\"mailto:coaching@beautytemple.de\">coaching@beautytemple.de<\/a><br \/>\nWebseite:\u00a0<a href=\"https:\/\/www.beautytemple.de\/shop\/en\/\" target=\"_blank\" rel=\"noopener\">https:\/\/www.beautytemple.de<\/a><\/p>\n<p><strong>Hinweis zur Streitbeilegung:<\/strong> Wir sind weder bereit noch verpflichtet, an einem Streitbeilegungsverfahren vor einer Verbraucherschlichtungsstelle teilzunehmen.<\/p>\n<p><strong>Anti-SPAM:<\/strong> Wir und unsere Kooperationspartner w\u00fcnschen keine Werbemails! Es ist untersagt, die auf dieser Webseite befindlichen E-Mail-Adressen, Firmen- und Personendaten und\/oder Adressdaten ohne unsere explizite Zustimmung in Mailing-Listen, Newslettern, Verteilern oder sonstigen Datenansammlungen aufzunehmen.<\/p>\n<p><strong>Urheberrecht:<\/strong> Die Internet-Seiten und die darin enthaltenen Texte sind urheberrechtlich gesch\u00fctzt. Jegliche Verwertung wie Kopien, \u00dcbersetzungen, Verfilmungen und Verarbeitung ist ebenso unzul\u00e4ssig und strafbar wie die Verwertung in elektronischen Systemen. Ebenso d\u00fcrfen keine Textpassagen ohne schriftliche Zustimmung kopiert und\/oder genutzt werden, weder f\u00fcr eigene, private, fremde noch kommerzielle Zwecke.<\/p>\n<p>&nbsp;<\/p>","protected":false},"excerpt":{"rendered":"<p>Anschrift Beautytemple Tanja Brill Hochburger Str. 5 79312 Emmendingen Deutschland Kontakt Telefon: +49(0)1525 \/ 31 68 504 E-Mail:\u00a0coaching@beautytemple.de Webseite:\u00a0https:\/\/www.beautytemple.de Hinweis zur Streitbeilegung: Wir sind weder bereit noch verpflichtet, an einem Streitbeilegungsverfahren vor einer Verbraucherschlichtungsstelle teilzunehmen. Anti-SPAM: Wir und unsere Kooperationspartner w\u00fcnschen keine Werbemails! Es ist untersagt, die auf dieser Webseite befindlichen E-Mail-Adressen, Firmen- und Personendaten [&hellip;]<\/p>","protected":false},"author":1,"featured_media":0,"parent":0,"menu_order":0,"comment_status":"closed","ping_status":"closed","template":"","meta":{"_et_pb_use_builder":"","_et_pb_old_content":"","_et_gb_content_width":"","footnotes":""},"class_list":["post-12","page","type-page","status-publish","hentry"],"_links":{"self":[{"href":"https:\/\/www.beautytemple.de\/shop\/en\/wp-json\/wp\/v2\/pages\/12","targetHints":{"allow":["GET"]}}],"collection":[{"href":"https:\/\/www.beautytemple.de\/shop\/en\/wp-json\/wp\/v2\/pages"}],"about":[{"href":"https:\/\/www.beautytemple.de\/shop\/en\/wp-json\/wp\/v2\/types\/page"}],"author":[{"embeddable":true,"href":"https:\/\/www.beautytemple.de\/shop\/en\/wp-json\/wp\/v2\/users\/1"}],"replies":[{"embeddable":true,"href":"https:\/\/www.beautytemple.de\/shop\/en\/wp-json\/wp\/v2\/comments?post=12"}],"version-history":[{"count":0,"href":"https:\/\/www.beautytemple.de\/shop\/en\/wp-json\/wp\/v2\/pages\/12\/revisions"}],"wp:attachment":[{"href":"https:\/\/www.beautytemple.de\/shop\/en\/wp-json\/wp\/v2\/media?parent=12"}],"curies":[{"name":"wp","href":"https:\/\/api.w.org\/{rel}","templated":true}]}}